{"id":192,"date":"2024-10-25T18:46:10","date_gmt":"2024-10-25T21:46:10","guid":{"rendered":"https:\/\/quatropatinhas.com.br\/4P\/?page_id=192"},"modified":"2025-02-20T22:30:07","modified_gmt":"2025-02-21T01:30:07","slug":"lojinha","status":"publish","type":"page","link":"https:\/\/quatropatinhas.com.br\/4P\/lojinha\/","title":{"rendered":"Lojinha"},"content":{"rendered":"\t\t<div data-elementor-type=\"wp-page\" data-elementor-id=\"192\" class=\"elementor elementor-192\" data-elementor-post-type=\"page\">\n\t\t\t\t<div class=\"elementor-element elementor-element-560764e6 e-flex e-con-boxed wpr-particle-no wpr-jarallax-no wpr-parallax-no wpr-sticky-section-no e-con e-parent\" data-id=\"560764e6\" data-element_type=\"container\" data-e-type=\"container\" data-settings=\"{&quot;background_background&quot;:&quot;classic&quot;}\">\n\t\t\t\t\t<div class=\"e-con-inner\">\n\t\t\t\t\t<\/div>\n\t\t\t\t<\/div>\n\t\t<div class=\"elementor-element elementor-element-786980af e-flex e-con-boxed wpr-particle-no wpr-jarallax-no wpr-parallax-no wpr-sticky-section-no e-con e-parent\" data-id=\"786980af\" data-element_type=\"container\" data-e-type=\"container\" data-settings=\"{&quot;background_background&quot;:&quot;classic&quot;}\">\n\t\t\t\t\t<div class=\"e-con-inner\">\n\t\t\t\t<div class=\"elementor-element elementor-element-112eeadd elementor-widget elementor-widget-text-editor\" data-id=\"112eeadd\" data-element_type=\"widget\" data-e-type=\"widget\" data-widget_type=\"text-editor.default\">\n\t\t\t\t<div class=\"elementor-widget-container\">\n\t\t\t\t\t\t\t\t\t<p>Comprando nossos produtos voc\u00ea ajuda a manter os animais resgatados de situa\u00e7\u00f5es de maus-tratos que ainda aguardam um lar em nosso abrigo. Toda renda ser\u00e1 revertida para o cuidado dos animais.<\/p>\t\t\t\t\t\t\t\t<\/div>\n\t\t\t\t<\/div>\n\t\t\t\t<div class=\"elementor-element elementor-element-cb343d7 elementor-widget elementor-widget-heading\" data-id=\"cb343d7\" data-element_type=\"widget\" data-e-type=\"widget\" data-widget_type=\"heading.default\">\n\t\t\t\t<div class=\"elementor-widget-container\">\n\t\t\t\t\t<h2 class=\"elementor-heading-title elementor-size-default\">Novidades em breve!<\/h2>\t\t\t\t<\/div>\n\t\t\t\t<\/div>\n\t\t<div class=\"elementor-element elementor-element-6bbaf050 elementor-hidden-desktop elementor-hidden-tablet elementor-hidden-mobile elementor-hidden-laptop e-flex e-con-boxed wpr-particle-no wpr-jarallax-no wpr-parallax-no wpr-sticky-section-no e-con e-child\" data-id=\"6bbaf050\" data-element_type=\"container\" data-e-type=\"container\">\n\t\t\t\t\t<div class=\"e-con-inner\">\n\t\t<div class=\"elementor-element elementor-element-627f924a e-flex e-con-boxed wpr-particle-no wpr-jarallax-no wpr-parallax-no wpr-sticky-section-no e-con e-child\" data-id=\"627f924a\" data-element_type=\"container\" data-e-type=\"container\" data-settings=\"{&quot;background_background&quot;:&quot;classic&quot;}\">\n\t\t\t\t\t<div class=\"e-con-inner\">\n\t\t\t\t<div class=\"elementor-element elementor-element-77f8d578 elementor-position-top elementor-widget elementor-widget-image-box\" data-id=\"77f8d578\" data-element_type=\"widget\" data-e-type=\"widget\" data-widget_type=\"image-box.default\">\n\t\t\t\t<div class=\"elementor-widget-container\">\n\t\t\t\t\t<div class=\"elementor-image-box-wrapper\"><figure class=\"elementor-image-box-img\"><img fetchpriority=\"high\" decoding=\"async\" width=\"640\" height=\"640\" src=\"https:\/\/quatropatinhas.com.br\/4P\/wp-content\/uploads\/2024\/10\/whatsapp-image-2023-11-15-at-15-16-421-7019f100138e8804f117000736533908-640-0.webp\" class=\"attachment-full size-full wp-image-439\" alt=\"\" srcset=\"https:\/\/quatropatinhas.com.br\/4P\/wp-content\/uploads\/2024\/10\/whatsapp-image-2023-11-15-at-15-16-421-7019f100138e8804f117000736533908-640-0.webp 640w, https:\/\/quatropatinhas.com.br\/4P\/wp-content\/uploads\/2024\/10\/whatsapp-image-2023-11-15-at-15-16-421-7019f100138e8804f117000736533908-640-0-300x300.webp 300w, https:\/\/quatropatinhas.com.br\/4P\/wp-content\/uploads\/2024\/10\/whatsapp-image-2023-11-15-at-15-16-421-7019f100138e8804f117000736533908-640-0-150x150.webp 150w\" sizes=\"(max-width: 640px) 100vw, 640px\" \/><\/figure><div class=\"elementor-image-box-content\"><h3 class=\"elementor-image-box-title\">Caled\u00e1rio 2024<\/h3><\/div><\/div>\t\t\t\t<\/div>\n\t\t\t\t<\/div>\n\t\t\t\t<div class=\"elementor-element elementor-element-56f9bc17 elementor-align-center elementor-widget elementor-widget-button\" data-id=\"56f9bc17\" data-element_type=\"widget\" data-e-type=\"widget\" data-widget_type=\"button.default\">\n\t\t\t\t<div class=\"elementor-widget-container\">\n\t\t\t\t\t\t\t\t\t<div class=\"elementor-button-wrapper\">\n\t\t\t\t\t<a class=\"elementor-button elementor-button-link elementor-size-sm elementor-animation-grow\" href=\"#\">\n\t\t\t\t\t\t<span class=\"elementor-button-content-wrapper\">\n\t\t\t\t\t\t\t\t\t<span class=\"elementor-button-text\">Comprar Agora<\/span>\n\t\t\t\t\t<\/span>\n\t\t\t\t\t<\/a>\n\t\t\t\t<\/div>\n\t\t\t\t\t\t\t\t<\/div>\n\t\t\t\t<\/div>\n\t\t\t\t\t<\/div>\n\t\t\t\t<\/div>\n\t\t<div class=\"elementor-element elementor-element-735fe504 e-flex e-con-boxed wpr-particle-no wpr-jarallax-no wpr-parallax-no wpr-sticky-section-no e-con e-child\" data-id=\"735fe504\" data-element_type=\"container\" data-e-type=\"container\" data-settings=\"{&quot;background_background&quot;:&quot;classic&quot;}\">\n\t\t\t\t\t<div class=\"e-con-inner\">\n\t\t\t\t<div class=\"elementor-element elementor-element-61b8d13b elementor-position-top elementor-widget elementor-widget-image-box\" data-id=\"61b8d13b\" data-element_type=\"widget\" data-e-type=\"widget\" data-widget_type=\"image-box.default\">\n\t\t\t\t<div class=\"elementor-widget-container\">\n\t\t\t\t\t<div class=\"elementor-image-box-wrapper\"><figure class=\"elementor-image-box-img\"><img decoding=\"async\" width=\"640\" height=\"640\" src=\"https:\/\/quatropatinhas.com.br\/4P\/wp-content\/uploads\/2024\/10\/whatsapp-image-2023-11-15-at-15-16-43-0a4f1b0de5d33f00fc17000736535894-640-0.webp\" class=\"attachment-full size-full wp-image-438\" alt=\"\" srcset=\"https:\/\/quatropatinhas.com.br\/4P\/wp-content\/uploads\/2024\/10\/whatsapp-image-2023-11-15-at-15-16-43-0a4f1b0de5d33f00fc17000736535894-640-0.webp 640w, https:\/\/quatropatinhas.com.br\/4P\/wp-content\/uploads\/2024\/10\/whatsapp-image-2023-11-15-at-15-16-43-0a4f1b0de5d33f00fc17000736535894-640-0-300x300.webp 300w, https:\/\/quatropatinhas.com.br\/4P\/wp-content\/uploads\/2024\/10\/whatsapp-image-2023-11-15-at-15-16-43-0a4f1b0de5d33f00fc17000736535894-640-0-150x150.webp 150w\" sizes=\"(max-width: 640px) 100vw, 640px\" \/><\/figure><div class=\"elementor-image-box-content\"><h3 class=\"elementor-image-box-title\">Caled\u00e1rio 2024<\/h3><\/div><\/div>\t\t\t\t<\/div>\n\t\t\t\t<\/div>\n\t\t\t\t<div class=\"elementor-element elementor-element-416b6c96 elementor-align-center elementor-widget elementor-widget-button\" data-id=\"416b6c96\" data-element_type=\"widget\" data-e-type=\"widget\" data-widget_type=\"button.default\">\n\t\t\t\t<div class=\"elementor-widget-container\">\n\t\t\t\t\t\t\t\t\t<div class=\"elementor-button-wrapper\">\n\t\t\t\t\t<a class=\"elementor-button elementor-button-link elementor-size-sm elementor-animation-grow\" href=\"#\">\n\t\t\t\t\t\t<span class=\"elementor-button-content-wrapper\">\n\t\t\t\t\t\t\t\t\t<span class=\"elementor-button-text\">Comprar Agora<\/span>\n\t\t\t\t\t<\/span>\n\t\t\t\t\t<\/a>\n\t\t\t\t<\/div>\n\t\t\t\t\t\t\t\t<\/div>\n\t\t\t\t<\/div>\n\t\t\t\t\t<\/div>\n\t\t\t\t<\/div>\n\t\t<div class=\"elementor-element elementor-element-4ed9a2b6 e-flex e-con-boxed wpr-particle-no wpr-jarallax-no wpr-parallax-no wpr-sticky-section-no e-con e-child\" data-id=\"4ed9a2b6\" data-element_type=\"container\" data-e-type=\"container\" data-settings=\"{&quot;background_background&quot;:&quot;classic&quot;}\">\n\t\t\t\t\t<div class=\"e-con-inner\">\n\t\t\t\t<div class=\"elementor-element elementor-element-188e72f elementor-position-top elementor-widget elementor-widget-image-box\" data-id=\"188e72f\" data-element_type=\"widget\" data-e-type=\"widget\" data-widget_type=\"image-box.default\">\n\t\t\t\t<div class=\"elementor-widget-container\">\n\t\t\t\t\t<div class=\"elementor-image-box-wrapper\"><figure class=\"elementor-image-box-img\"><img decoding=\"async\" width=\"640\" height=\"640\" src=\"https:\/\/quatropatinhas.com.br\/4P\/wp-content\/uploads\/2024\/10\/whatsapp-image-2023-11-15-at-15-16-42-ed1b9deedef19950c117000736535577-640-0.webp\" class=\"attachment-full size-full wp-image-242\" alt=\"\" srcset=\"https:\/\/quatropatinhas.com.br\/4P\/wp-content\/uploads\/2024\/10\/whatsapp-image-2023-11-15-at-15-16-42-ed1b9deedef19950c117000736535577-640-0.webp 640w, https:\/\/quatropatinhas.com.br\/4P\/wp-content\/uploads\/2024\/10\/whatsapp-image-2023-11-15-at-15-16-42-ed1b9deedef19950c117000736535577-640-0-300x300.webp 300w, https:\/\/quatropatinhas.com.br\/4P\/wp-content\/uploads\/2024\/10\/whatsapp-image-2023-11-15-at-15-16-42-ed1b9deedef19950c117000736535577-640-0-150x150.webp 150w\" sizes=\"(max-width: 640px) 100vw, 640px\" \/><\/figure><div class=\"elementor-image-box-content\"><h3 class=\"elementor-image-box-title\">Caled\u00e1rio 2024<\/h3><\/div><\/div>\t\t\t\t<\/div>\n\t\t\t\t<\/div>\n\t\t\t\t<div class=\"elementor-element elementor-element-55ff1a06 elementor-align-center elementor-widget elementor-widget-button\" data-id=\"55ff1a06\" data-element_type=\"widget\" data-e-type=\"widget\" data-widget_type=\"button.default\">\n\t\t\t\t<div class=\"elementor-widget-container\">\n\t\t\t\t\t\t\t\t\t<div class=\"elementor-button-wrapper\">\n\t\t\t\t\t<a class=\"elementor-button elementor-button-link elementor-size-sm elementor-animation-grow\" href=\"#\">\n\t\t\t\t\t\t<span class=\"elementor-button-content-wrapper\">\n\t\t\t\t\t\t\t\t\t<span class=\"elementor-button-text\">Comprar Agora<\/span>\n\t\t\t\t\t<\/span>\n\t\t\t\t\t<\/a>\n\t\t\t\t<\/div>\n\t\t\t\t\t\t\t\t<\/div>\n\t\t\t\t<\/div>\n\t\t\t\t\t<\/div>\n\t\t\t\t<\/div>\n\t\t\t\t\t<\/div>\n\t\t\t\t<\/div>\n\t\t\t\t\t<\/div>\n\t\t\t\t<\/div>\n\t\t\t\t<\/div>\n\t\t","protected":false},"excerpt":{"rendered":"<p>Comprando nossos produtos voc\u00ea ajuda a manter os animais resgatados de situa\u00e7\u00f5es de maus-tratos que ainda aguardam um lar em nosso abrigo. Toda renda ser\u00e1 revertida para o cuidado dos animais. Novidades em breve! Caled\u00e1rio 2024 Comprar Agora Caled\u00e1rio 2024 Comprar Agora Caled\u00e1rio 2024 Comprar Agora<\/p>\n","protected":false},"author":1,"featured_media":0,"parent":0,"menu_order":0,"comment_status":"closed","ping_status":"closed","template":"","meta":{"footnotes":""},"class_list":["post-192","page","type-page","status-publish","hentry"],"_links":{"self":[{"href":"https:\/\/quatropatinhas.com.br\/4P\/wp-json\/wp\/v2\/pages\/192","targetHints":{"allow":["GET"]}}],"collection":[{"href":"https:\/\/quatropatinhas.com.br\/4P\/wp-json\/wp\/v2\/pages"}],"about":[{"href":"https:\/\/quatropatinhas.com.br\/4P\/wp-json\/wp\/v2\/types\/page"}],"author":[{"embeddable":true,"href":"https:\/\/quatropatinhas.com.br\/4P\/wp-json\/wp\/v2\/users\/1"}],"replies":[{"embeddable":true,"href":"https:\/\/quatropatinhas.com.br\/4P\/wp-json\/wp\/v2\/comments?post=192"}],"version-history":[{"count":0,"href":"https:\/\/quatropatinhas.com.br\/4P\/wp-json\/wp\/v2\/pages\/192\/revisions"}],"wp:attachment":[{"href":"https:\/\/quatropatinhas.com.br\/4P\/wp-json\/wp\/v2\/media?parent=192"}],"curies":[{"name":"wp","href":"https:\/\/api.w.org\/{rel}","templated":true}]}}