{"id":182,"date":"2024-10-25T18:44:59","date_gmt":"2024-10-25T21:44:59","guid":{"rendered":"https:\/\/quatropatinhas.com.br\/4P\/?page_id=182"},"modified":"2025-11-03T14:28:35","modified_gmt":"2025-11-03T17:28:35","slug":"quero-ajudar","status":"publish","type":"page","link":"https:\/\/quatropatinhas.com.br\/4P\/quero-ajudar\/","title":{"rendered":"Quero Ajudar"},"content":{"rendered":"\t\t<div data-elementor-type=\"wp-page\" data-elementor-id=\"182\" class=\"elementor elementor-182\" data-elementor-post-type=\"page\">\n\t\t\t\t<div class=\"elementor-element elementor-element-36c4cdb2 e-flex e-con-boxed wpr-particle-no wpr-jarallax-no wpr-parallax-no wpr-sticky-section-no e-con e-parent\" data-id=\"36c4cdb2\" data-element_type=\"container\" data-e-type=\"container\" data-settings=\"{&quot;background_background&quot;:&quot;classic&quot;}\">\n\t\t\t\t\t<div class=\"e-con-inner\">\n\t\t\t\t\t<\/div>\n\t\t\t\t<\/div>\n\t\t<div class=\"elementor-element elementor-element-165dd62c e-flex e-con-boxed wpr-particle-no wpr-jarallax-no wpr-parallax-no wpr-sticky-section-no e-con e-parent\" data-id=\"165dd62c\" data-element_type=\"container\" data-e-type=\"container\" data-settings=\"{&quot;background_background&quot;:&quot;classic&quot;}\">\n\t\t\t\t\t<div class=\"e-con-inner\">\n\t\t<div class=\"elementor-element elementor-element-53477af1 e-con-full e-flex wpr-particle-no wpr-jarallax-no wpr-parallax-no wpr-sticky-section-no e-con e-child\" data-id=\"53477af1\" data-element_type=\"container\" data-e-type=\"container\">\n\t\t\t\t<div class=\"elementor-element elementor-element-2defd873 elementor-widget elementor-widget-heading\" data-id=\"2defd873\" data-element_type=\"widget\" data-e-type=\"widget\" data-widget_type=\"heading.default\">\n\t\t\t\t<div class=\"elementor-widget-container\">\n\t\t\t\t\t<h2 class=\"elementor-heading-title elementor-size-default\">Doe para nossa ONG<\/h2>\t\t\t\t<\/div>\n\t\t\t\t<\/div>\n\t\t\t\t<div class=\"elementor-element elementor-element-2f88e4f9 elementor-widget elementor-widget-text-editor\" data-id=\"2f88e4f9\" data-element_type=\"widget\" data-e-type=\"widget\" data-widget_type=\"text-editor.default\">\n\t\t\t\t<div class=\"elementor-widget-container\">\n\t\t\t\t\t\t\t\t\t<p>Ajude-nos a cuidar e proteger os animais em nosso abrigo com sua doa\u00e7\u00e3o. Cada contribui\u00e7\u00e3o \u00e9 crucial para garantir que possamos fornecer cuidados, alimenta\u00e7\u00e3o e amor a esses amigos peludos enquanto aguardam por um lar permanente. Sua generosidade faz toda a diferen\u00e7a!<\/p>\t\t\t\t\t\t\t\t<\/div>\n\t\t\t\t<\/div>\n\t\t<div class=\"elementor-element elementor-element-821698a e-con-full e-flex wpr-particle-no wpr-jarallax-no wpr-parallax-no wpr-sticky-section-no e-con e-child\" data-id=\"821698a\" data-element_type=\"container\" data-e-type=\"container\">\n\t\t<div class=\"elementor-element elementor-element-7c3b8b e-con-full e-flex wpr-particle-no wpr-jarallax-no wpr-parallax-no wpr-sticky-section-no e-con e-child\" data-id=\"7c3b8b\" data-element_type=\"container\" data-e-type=\"container\">\n\t\t\t\t<div class=\"elementor-element elementor-element-29e3fc95 elementor-widget elementor-widget-image\" data-id=\"29e3fc95\" data-element_type=\"widget\" data-e-type=\"widget\" data-widget_type=\"image.default\">\n\t\t\t\t<div class=\"elementor-widget-container\">\n\t\t\t\t\t\t\t\t\t\t\t\t\t\t\t<img fetchpriority=\"high\" decoding=\"async\" width=\"310\" height=\"310\" src=\"https:\/\/quatropatinhas.com.br\/4P\/wp-content\/uploads\/2024\/10\/Imagem-do-WhatsApp-de-2024-05-29-as-18.07.22_6231b7e3.jpg\" class=\"attachment-large size-large wp-image-170\" alt=\"\" srcset=\"https:\/\/quatropatinhas.com.br\/4P\/wp-content\/uploads\/2024\/10\/Imagem-do-WhatsApp-de-2024-05-29-as-18.07.22_6231b7e3.jpg 310w, https:\/\/quatropatinhas.com.br\/4P\/wp-content\/uploads\/2024\/10\/Imagem-do-WhatsApp-de-2024-05-29-as-18.07.22_6231b7e3-300x300.jpg 300w, https:\/\/quatropatinhas.com.br\/4P\/wp-content\/uploads\/2024\/10\/Imagem-do-WhatsApp-de-2024-05-29-as-18.07.22_6231b7e3-150x150.jpg 150w\" sizes=\"(max-width: 310px) 100vw, 310px\" \/>\t\t\t\t\t\t\t\t\t\t\t\t\t\t\t<\/div>\n\t\t\t\t<\/div>\n\t\t\t\t<\/div>\n\t\t<div class=\"elementor-element elementor-element-515f9d35 e-con-full e-flex wpr-particle-no wpr-jarallax-no wpr-parallax-no wpr-sticky-section-no e-con e-child\" data-id=\"515f9d35\" data-element_type=\"container\" data-e-type=\"container\">\n\t\t\t\t<div class=\"elementor-element elementor-element-ad5a6 elementor-widget elementor-widget-text-editor\" data-id=\"ad5a6\" data-element_type=\"widget\" data-e-type=\"widget\" data-widget_type=\"text-editor.default\">\n\t\t\t\t<div class=\"elementor-widget-container\">\n\t\t\t\t\t\t\t\t\t<p>Associa\u00e7\u00e3o Quatro Patinhas<br \/>CNPJ: 12.635.712\/0001-66<br \/>Banco Ita\u00fa AG 8164<br \/>C\/C 00476-7<br \/>ou<br \/>Banco Caixa Econ\u00f4mica<br \/>Ag\u00eancia: 0228<br \/>Opera\u00e7\u00e3o: 003<br \/>Conta: 01112-0<\/p>\t\t\t\t\t\t\t\t<\/div>\n\t\t\t\t<\/div>\n\t\t\t\t<\/div>\n\t\t\t\t<\/div>\n\t\t\t\t<\/div>\n\t\t<div class=\"elementor-element elementor-element-160a16fb e-con-full e-flex wpr-particle-no wpr-jarallax-no wpr-parallax-no wpr-sticky-section-no e-con e-child\" data-id=\"160a16fb\" data-element_type=\"container\" data-e-type=\"container\">\n\t\t\t\t<div class=\"elementor-element elementor-element-67538273 elementor-widget elementor-widget-image\" data-id=\"67538273\" data-element_type=\"widget\" data-e-type=\"widget\" data-widget_type=\"image.default\">\n\t\t\t\t<div class=\"elementor-widget-container\">\n\t\t\t\t\t\t\t\t\t\t\t\t\t\t\t<img decoding=\"async\" width=\"800\" height=\"1000\" src=\"https:\/\/quatropatinhas.com.br\/4P\/wp-content\/uploads\/2024\/10\/Sem-titulo-6-3.png\" class=\"attachment-large size-large wp-image-165\" alt=\"\" srcset=\"https:\/\/quatropatinhas.com.br\/4P\/wp-content\/uploads\/2024\/10\/Sem-titulo-6-3.png 800w, https:\/\/quatropatinhas.com.br\/4P\/wp-content\/uploads\/2024\/10\/Sem-titulo-6-3-240x300.png 240w, https:\/\/quatropatinhas.com.br\/4P\/wp-content\/uploads\/2024\/10\/Sem-titulo-6-3-768x960.png 768w\" sizes=\"(max-width: 800px) 100vw, 800px\" \/>\t\t\t\t\t\t\t\t\t\t\t\t\t\t\t<\/div>\n\t\t\t\t<\/div>\n\t\t\t\t<\/div>\n\t\t\t\t\t<\/div>\n\t\t\t\t<\/div>\n\t\t<div class=\"elementor-element elementor-element-4ef7cf9a e-con-full e-flex wpr-particle-no wpr-jarallax-no wpr-parallax-no wpr-sticky-section-no e-con e-parent\" data-id=\"4ef7cf9a\" data-element_type=\"container\" data-e-type=\"container\" data-settings=\"{&quot;background_background&quot;:&quot;classic&quot;}\">\n\t\t<div class=\"elementor-element elementor-element-5d672ff7 e-con-full e-flex wpr-particle-no wpr-jarallax-no wpr-parallax-no wpr-sticky-section-no e-con e-child\" data-id=\"5d672ff7\" data-element_type=\"container\" data-e-type=\"container\" data-settings=\"{&quot;background_background&quot;:&quot;classic&quot;}\">\n\t\t\t\t<div class=\"elementor-element elementor-element-5119bc54 elementor-vertical-align-top elementor-widget elementor-widget-image-box\" data-id=\"5119bc54\" data-element_type=\"widget\" data-e-type=\"widget\" data-widget_type=\"image-box.default\">\n\t\t\t\t<div class=\"elementor-widget-container\">\n\t\t\t\t\t<div class=\"elementor-image-box-wrapper\"><figure class=\"elementor-image-box-img\"><img decoding=\"async\" width=\"500\" height=\"500\" src=\"https:\/\/quatropatinhas.com.br\/4P\/wp-content\/uploads\/2024\/10\/Sem-titulo-3.png\" class=\"attachment-full size-full wp-image-380\" alt=\"\" srcset=\"https:\/\/quatropatinhas.com.br\/4P\/wp-content\/uploads\/2024\/10\/Sem-titulo-3.png 500w, https:\/\/quatropatinhas.com.br\/4P\/wp-content\/uploads\/2024\/10\/Sem-titulo-3-300x300.png 300w, https:\/\/quatropatinhas.com.br\/4P\/wp-content\/uploads\/2024\/10\/Sem-titulo-3-150x150.png 150w\" sizes=\"(max-width: 500px) 100vw, 500px\" \/><\/figure><div class=\"elementor-image-box-content\"><h3 class=\"elementor-image-box-title\">Seja associado<\/h3><p class=\"elementor-image-box-description\">Associe-se \u00e0 nossa ONG e participe ativamente das nossas a\u00e7\u00f5es e campanhas. Juntos, podemos transformar a vida de muitos animais e promover um mundo mais justo para eles.<\/p><\/div><\/div>\t\t\t\t<\/div>\n\t\t\t\t<\/div>\n\t\t\t\t<div class=\"elementor-element elementor-element-168e1d56 elementor-align-center elementor-mobile-align-center elementor-widget elementor-widget-button\" data-id=\"168e1d56\" data-element_type=\"widget\" data-e-type=\"widget\" data-widget_type=\"button.default\">\n\t\t\t\t<div class=\"elementor-widget-container\">\n\t\t\t\t\t\t\t\t\t<div class=\"elementor-button-wrapper\">\n\t\t\t\t\t<a class=\"elementor-button elementor-button-link elementor-size-sm elementor-animation-grow\" href=\"https:\/\/docs.google.com\/forms\/d\/e\/1FAIpQLSfcaRPHfT2lr7IexWgAbustIrQ7Z0_wdpHkNh7up7ashu1QgQ\/viewform\" target=\"_blank\">\n\t\t\t\t\t\t<span class=\"elementor-button-content-wrapper\">\n\t\t\t\t\t\t\t\t\t<span class=\"elementor-button-text\">Clique aqui<\/span>\n\t\t\t\t\t<\/span>\n\t\t\t\t\t<\/a>\n\t\t\t\t<\/div>\n\t\t\t\t\t\t\t\t<\/div>\n\t\t\t\t<\/div>\n\t\t\t\t<\/div>\n\t\t<div class=\"elementor-element elementor-element-4fe4a4e5 e-con-full e-flex wpr-particle-no wpr-jarallax-no wpr-parallax-no wpr-sticky-section-no e-con e-child\" data-id=\"4fe4a4e5\" data-element_type=\"container\" data-e-type=\"container\" data-settings=\"{&quot;background_background&quot;:&quot;classic&quot;}\">\n\t\t\t\t<div class=\"elementor-element elementor-element-4673b8af elementor-position-top elementor-widget elementor-widget-image-box\" data-id=\"4673b8af\" data-element_type=\"widget\" data-e-type=\"widget\" data-widget_type=\"image-box.default\">\n\t\t\t\t<div class=\"elementor-widget-container\">\n\t\t\t\t\t<div class=\"elementor-image-box-wrapper\"><figure class=\"elementor-image-box-img\"><img loading=\"lazy\" decoding=\"async\" width=\"500\" height=\"500\" src=\"https:\/\/quatropatinhas.com.br\/4P\/wp-content\/uploads\/2024\/10\/Sem-titulo-4.png\" class=\"attachment-full size-full wp-image-384\" alt=\"\" srcset=\"https:\/\/quatropatinhas.com.br\/4P\/wp-content\/uploads\/2024\/10\/Sem-titulo-4.png 500w, https:\/\/quatropatinhas.com.br\/4P\/wp-content\/uploads\/2024\/10\/Sem-titulo-4-300x300.png 300w, https:\/\/quatropatinhas.com.br\/4P\/wp-content\/uploads\/2024\/10\/Sem-titulo-4-150x150.png 150w\" sizes=\"(max-width: 500px) 100vw, 500px\" \/><\/figure><div class=\"elementor-image-box-content\"><h3 class=\"elementor-image-box-title\">Doe<\/h3><p class=\"elementor-image-box-description\">Contribua com doa\u00e7\u00f5es de mantas, sach\u00eas de ra\u00e7\u00e3o e outros itens essenciais para o conforto e cuidado dos nossos animais. Sua generosidade faz toda a diferen\u00e7a para aqueles que mais precisam<\/p><\/div><\/div>\t\t\t\t<\/div>\n\t\t\t\t<\/div>\n\t\t\t\t<div class=\"elementor-element elementor-element-4e4561ed elementor-align-center elementor-mobile-align-center elementor-widget elementor-widget-button\" data-id=\"4e4561ed\" data-element_type=\"widget\" data-e-type=\"widget\" data-widget_type=\"button.default\">\n\t\t\t\t<div class=\"elementor-widget-container\">\n\t\t\t\t\t\t\t\t\t<div class=\"elementor-button-wrapper\">\n\t\t\t\t\t<a class=\"elementor-button elementor-button-link elementor-size-sm elementor-animation-grow\" href=\"https:\/\/wa.me\/5521995970193\" target=\"_blank\">\n\t\t\t\t\t\t<span class=\"elementor-button-content-wrapper\">\n\t\t\t\t\t\t\t\t\t<span class=\"elementor-button-text\">Clique aqui<\/span>\n\t\t\t\t\t<\/span>\n\t\t\t\t\t<\/a>\n\t\t\t\t<\/div>\n\t\t\t\t\t\t\t\t<\/div>\n\t\t\t\t<\/div>\n\t\t\t\t<\/div>\n\t\t<div class=\"elementor-element elementor-element-fae3d0 e-con-full e-flex wpr-particle-no wpr-jarallax-no wpr-parallax-no wpr-sticky-section-no e-con e-child\" data-id=\"fae3d0\" data-element_type=\"container\" data-e-type=\"container\" data-settings=\"{&quot;background_background&quot;:&quot;classic&quot;}\">\n\t\t\t\t<div class=\"elementor-element elementor-element-1751ae28 elementor-position-top elementor-widget elementor-widget-image-box\" data-id=\"1751ae28\" data-element_type=\"widget\" data-e-type=\"widget\" data-widget_type=\"image-box.default\">\n\t\t\t\t<div class=\"elementor-widget-container\">\n\t\t\t\t\t<div class=\"elementor-image-box-wrapper\"><figure class=\"elementor-image-box-img\"><img loading=\"lazy\" decoding=\"async\" width=\"500\" height=\"500\" src=\"https:\/\/quatropatinhas.com.br\/4P\/wp-content\/uploads\/2024\/10\/Sem-titulo-1.png\" class=\"attachment-full size-full wp-image-388\" alt=\"\" srcset=\"https:\/\/quatropatinhas.com.br\/4P\/wp-content\/uploads\/2024\/10\/Sem-titulo-1.png 500w, https:\/\/quatropatinhas.com.br\/4P\/wp-content\/uploads\/2024\/10\/Sem-titulo-1-300x300.png 300w, https:\/\/quatropatinhas.com.br\/4P\/wp-content\/uploads\/2024\/10\/Sem-titulo-1-150x150.png 150w\" sizes=\"(max-width: 500px) 100vw, 500px\" \/><\/figure><div class=\"elementor-image-box-content\"><h3 class=\"elementor-image-box-title\">Seja padrinho<\/h3><p class=\"elementor-image-box-description\">Torne-se padrinho de um dos nossos animais e ajude a garantir os cuidados necess\u00e1rios para o seu bem-estar. Com a sua contribui\u00e7\u00e3o, voc\u00ea far\u00e1 parte de uma rede de amor e prote\u00e7\u00e3o!<\/p><\/div><\/div>\t\t\t\t<\/div>\n\t\t\t\t<\/div>\n\t\t\t\t<div class=\"elementor-element elementor-element-2975ba99 elementor-align-center elementor-mobile-align-center elementor-widget elementor-widget-button\" data-id=\"2975ba99\" data-element_type=\"widget\" data-e-type=\"widget\" data-widget_type=\"button.default\">\n\t\t\t\t<div class=\"elementor-widget-container\">\n\t\t\t\t\t\t\t\t\t<div class=\"elementor-button-wrapper\">\n\t\t\t\t\t<a class=\"elementor-button elementor-button-link elementor-size-sm elementor-animation-grow\" href=\"https:\/\/docs.google.com\/forms\/d\/e\/1FAIpQLSeUtE-LKIqz42X9puxVxGenzVH6M0rc4Ts_D9MZz__HOys0Fg\/viewform\" target=\"_blank\">\n\t\t\t\t\t\t<span class=\"elementor-button-content-wrapper\">\n\t\t\t\t\t\t\t\t\t<span class=\"elementor-button-text\">Clique aqui<\/span>\n\t\t\t\t\t<\/span>\n\t\t\t\t\t<\/a>\n\t\t\t\t<\/div>\n\t\t\t\t\t\t\t\t<\/div>\n\t\t\t\t<\/div>\n\t\t\t\t<\/div>\n\t\t<div class=\"elementor-element elementor-element-55887545 e-con-full e-flex wpr-particle-no wpr-jarallax-no wpr-parallax-no wpr-sticky-section-no e-con e-child\" data-id=\"55887545\" data-element_type=\"container\" data-e-type=\"container\" data-settings=\"{&quot;background_background&quot;:&quot;classic&quot;}\">\n\t\t\t\t<div class=\"elementor-element elementor-element-2a6de316 elementor-position-top elementor-widget elementor-widget-image-box\" data-id=\"2a6de316\" data-element_type=\"widget\" data-e-type=\"widget\" data-widget_type=\"image-box.default\">\n\t\t\t\t<div class=\"elementor-widget-container\">\n\t\t\t\t\t<div class=\"elementor-image-box-wrapper\"><figure class=\"elementor-image-box-img\"><img loading=\"lazy\" decoding=\"async\" width=\"500\" height=\"500\" src=\"https:\/\/quatropatinhas.com.br\/4P\/wp-content\/uploads\/2024\/10\/Sem-titulo-2.png\" class=\"attachment-full size-full wp-image-392\" alt=\"\" srcset=\"https:\/\/quatropatinhas.com.br\/4P\/wp-content\/uploads\/2024\/10\/Sem-titulo-2.png 500w, https:\/\/quatropatinhas.com.br\/4P\/wp-content\/uploads\/2024\/10\/Sem-titulo-2-300x300.png 300w, https:\/\/quatropatinhas.com.br\/4P\/wp-content\/uploads\/2024\/10\/Sem-titulo-2-150x150.png 150w\" sizes=\"(max-width: 500px) 100vw, 500px\" \/><\/figure><div class=\"elementor-image-box-content\"><h3 class=\"elementor-image-box-title\">Seja  volunt\u00e1rio<\/h3><p class=\"elementor-image-box-description\">Dedique um pouco do seu tempo e talento para fazer a diferen\u00e7a na vida dos nossos animais. Seja volunt\u00e1rio e ajude nas atividades di\u00e1rias, eventos e projetos especiais. Sua ajuda \u00e9 fundamental!<\/p><\/div><\/div>\t\t\t\t<\/div>\n\t\t\t\t<\/div>\n\t\t\t\t<div class=\"elementor-element elementor-element-410d8c94 elementor-align-center elementor-mobile-align-center elementor-widget elementor-widget-button\" data-id=\"410d8c94\" data-element_type=\"widget\" data-e-type=\"widget\" data-widget_type=\"button.default\">\n\t\t\t\t<div class=\"elementor-widget-container\">\n\t\t\t\t\t\t\t\t\t<div class=\"elementor-button-wrapper\">\n\t\t\t\t\t<a class=\"elementor-button elementor-button-link elementor-size-sm elementor-animation-grow\" href=\"https:\/\/docs.google.com\/forms\/d\/e\/1FAIpQLSeA5yX2olr6YgqnHDhDxuJFcb6FEX5VcL6O-2KMBq0YShgh_w\/viewform\" target=\"_blank\">\n\t\t\t\t\t\t<span class=\"elementor-button-content-wrapper\">\n\t\t\t\t\t\t\t\t\t<span class=\"elementor-button-text\">Clique aqui<\/span>\n\t\t\t\t\t<\/span>\n\t\t\t\t\t<\/a>\n\t\t\t\t<\/div>\n\t\t\t\t\t\t\t\t<\/div>\n\t\t\t\t<\/div>\n\t\t\t\t<\/div>\n\t\t\t\t<\/div>\n\t\t\t\t<\/div>\n\t\t","protected":false},"excerpt":{"rendered":"<p>Doe para nossa ONG Ajude-nos a cuidar e proteger os animais em nosso abrigo com sua doa\u00e7\u00e3o. Cada contribui\u00e7\u00e3o \u00e9 crucial para garantir que possamos fornecer cuidados, alimenta\u00e7\u00e3o e amor a esses amigos peludos enquanto aguardam por um lar permanente. Sua generosidade faz toda a diferen\u00e7a! Associa\u00e7\u00e3o Quatro PatinhasCNPJ: 12.635.712\/0001-66Banco Ita\u00fa AG 8164C\/C 00476-7ouBanco Caixa Econ\u00f4micaAg\u00eancia: 0228Opera\u00e7\u00e3o: 003Conta: 01112-0 Seja associado Associe-se \u00e0 nossa ONG e participe ativamente das nossas a\u00e7\u00f5es e campanhas. Juntos, podemos transformar a vida de muitos animais e promover um mundo mais justo para eles. Clique aqui Doe Contribua com doa\u00e7\u00f5es de mantas, sach\u00eas de ra\u00e7\u00e3o e outros itens essenciais para o conforto e cuidado dos nossos animais. Sua generosidade faz toda a diferen\u00e7a para aqueles que mais precisam Clique aqui Seja padrinho Torne-se padrinho de um dos nossos animais e ajude a garantir os cuidados necess\u00e1rios para o seu bem-estar. Com a sua contribui\u00e7\u00e3o, voc\u00ea far\u00e1 parte de uma rede de amor e prote\u00e7\u00e3o! Clique aqui Seja volunt\u00e1rio Dedique um pouco do seu tempo e talento para fazer a diferen\u00e7a na vida dos nossos animais. Seja volunt\u00e1rio e ajude nas atividades di\u00e1rias, eventos e projetos especiais. Sua ajuda \u00e9 fundamental! Clique aqui<\/p>\n","protected":false},"author":1,"featured_media":0,"parent":0,"menu_order":0,"comment_status":"closed","ping_status":"closed","template":"","meta":{"footnotes":""},"class_list":["post-182","page","type-page","status-publish","hentry"],"_links":{"self":[{"href":"https:\/\/quatropatinhas.com.br\/4P\/wp-json\/wp\/v2\/pages\/182","targetHints":{"allow":["GET"]}}],"collection":[{"href":"https:\/\/quatropatinhas.com.br\/4P\/wp-json\/wp\/v2\/pages"}],"about":[{"href":"https:\/\/quatropatinhas.com.br\/4P\/wp-json\/wp\/v2\/types\/page"}],"author":[{"embeddable":true,"href":"https:\/\/quatropatinhas.com.br\/4P\/wp-json\/wp\/v2\/users\/1"}],"replies":[{"embeddable":true,"href":"https:\/\/quatropatinhas.com.br\/4P\/wp-json\/wp\/v2\/comments?post=182"}],"version-history":[{"count":3,"href":"https:\/\/quatropatinhas.com.br\/4P\/wp-json\/wp\/v2\/pages\/182\/revisions"}],"predecessor-version":[{"id":1097,"href":"https:\/\/quatropatinhas.com.br\/4P\/wp-json\/wp\/v2\/pages\/182\/revisions\/1097"}],"wp:attachment":[{"href":"https:\/\/quatropatinhas.com.br\/4P\/wp-json\/wp\/v2\/media?parent=182"}],"curies":[{"name":"wp","href":"https:\/\/api.w.org\/{rel}","templated":true}]}}